{"id":7163,"date":"2015-12-22T12:53:19","date_gmt":"2015-12-22T12:53:19","guid":{"rendered":"http:\/\/prestazilla.org\/dev2\/autozone\/?page_id=2"},"modified":"2022-04-29T16:13:34","modified_gmt":"2022-04-29T14:13:34","slug":"sample-page-2","status":"publish","type":"page","link":"https:\/\/kwb-autohandel.de\/en\/","title":{"rendered":"Home"},"content":{"rendered":"<p>[vc_row full_width=&#8221;stretch_row_content_no_spaces&#8221; pdecor=&#8221;main-slider&#8221; pdecor_col_main=&#8221;#f5f5f5&#8243; kswr_row_top_decor_enabled=&#8221;false&#8221; kswr_row_bottom_decor_enabled=&#8221;false&#8221; css=&#8221;.vc_custom_1536442261127{background-color: #f5f5f5 !important;}&#8221;][vc_column][rev_slider_vc alias=&#8221;home_slider&#8221;][\/vc_column][\/vc_row][vc_row full_width=&#8221;stretch_row&#8221; parallax=&#8221;content-moving&#8221; ppadding=&#8221;vc_row-padding-bottom&#8221; css=&#8221;.vc_custom_1532607876636{background-color: #f5f5f5 !important;}&#8221;][vc_column][vc_row_inner][vc_column_inner][section_banner title=&#8221;KWB AUTOHANDEL&#8221; use_decor=&#8221;true&#8221; image1=&#8221;23&#8243; img_text1=&#8221;all brands&#8221; link1=&#8221;|||&#8221; image2=&#8221;24&#8243; img_text2=&#8221;FREE SUPPORT&#8221; link2=&#8221;|||&#8221; image3=&#8221;25&#8243; img_text3=&#8221;DEALERSHIP&#8221; link3=&#8221;|||&#8221; image4=&#8221;26&#8243; img_text4=&#8221;AFFORDABLE&#8221; link4=&#8221;|||&#8221;]THE ONLINE AUTOS WORLD[\/section_banner][\/vc_column_inner][\/vc_row_inner][vc_row_inner el_class=&#8221;zindex-fix&#8221;][vc_column_inner]<div class=\"kswr-responsive-spacer\" data-desk=\"0px\" data-tablet=\"0px\" data-tablet-sm=\"0px\" data-phone=\"0px\" data-phone-sm=\"0px\" style=\"--spc-desk:0px;--spc-tablet:0px;--spc-tablet-sm:0px;--spc-phone:0px;--spc-phone-sm:0px;\"><\/div>[vehicle_search vehicle_body_title=&#8221;&#8221; vehicle_makers=&#8221;true&#8221; vehicle_model=&#8221;true&#8221; fuel_type=&#8221;true&#8221; condition=&#8221;true&#8221;]<div class=\"kswr-responsive-spacer\" data-desk=\"100px\" data-tablet=\"100px\" data-tablet-sm=\"50px\" data-phone=\"50px\" data-phone-sm=\"50px\" style=\"--spc-desk:100px;--spc-tablet:100px;--spc-tablet-sm:50px;--spc-phone:50px;--spc-phone-sm:50px;\"><\/div>[\/vc_column_inner][\/vc_row_inner][vc_row_inner][vc_column_inner]<div class=\"kswr-responsive-spacer\" data-desk=\"40px\" data-tablet=\"40px\" data-tablet-sm=\"40px\" data-phone=\"40px\" data-phone-sm=\"40px\" style=\"--spc-desk:40px;--spc-tablet:40px;--spc-tablet-sm:40px;--spc-phone:40px;--spc-phone-sm:40px;\"><\/div>[\/vc_column_inner][\/vc_row_inner][vc_row_inner][vc_column_inner][section_autos_cat_models cats=&#8221;mercedes-benz,lexus,land-rover,toyota,citroen,renault,vw&#8221;][\/vc_column_inner][\/vc_row_inner][\/vc_column][\/vc_row][vc_row full_width=&#8221;stretch_row&#8221; ppadding=&#8221;vc_row-padding-both&#8221; ptextcolor=&#8221;White&#8221; pdecor=&#8221;both&#8221; kswr_row_bg_type=&#8221;parallax&#8221; css=&#8221;.vc_custom_1570283738628{background-color: #dd9933 !important;background-position: center !important;background-repeat: no-repeat !important;background-size: cover !important;}&#8221; kswr_row_top_decor_enabled=&#8221;false&#8221; kswr_row_bottom_decor_enabled=&#8221;false&#8221; kswr_row_bg_image_img=&#8221;18550&#8243; kswr_row_bg_image=&#8221;{&#8220;image&#8220;:&#8220;&#8220;,&#8220;repeat&#8220;:&#8220;no-repeat&#8220;,&#8220;position&#8220;:&#8220;left top&#8220;,&#8220;size&#8220;:&#8220;cover&#8220;,&#8220;overlay&#8220;:&#8220;#bd9302&#8220;,&#8220;overlayopacity&#8220;:&#8220;0.7&#8220;}&#8221;][vc_column][block_title title=&#8221;OUR SERVICES&#8221;]WE ARE OFFERING VEHICLE SERVICES 24\/7[\/block_title][section_services][section_service type=&#8221;pixfontawesome&#8221; icon_pixfontawesome=&#8221;fa fa-certificate&#8221; title=&#8221;Certificate&#8221; title_strong=&#8221;SERVICE&#8221; link=&#8221;url:%23|||&#8221;]Dekra seal or T\u00dcV trust check possible[\/section_service][section_service icon_pixflaticon=&#8221;flaticon-transport391&#8243; title=&#8221;Auto painting&#8221; title_strong=&#8221;REPAIRING&#8221;]If our vehicles have small defects, our professional paint shop team is ready to eliminate them[\/section_service][section_service type=&#8221;pixfontawesome&#8221; icon_pixfontawesome=&#8221;fa fa-euro&#8221; title=&#8221;Financing&#8221; title_strong=&#8221;SERVICE&#8221;]KWB Autohandel GmbH cooperates with more than 25 banks to offer financing[\/section_service][section_service icon_pixflaticon=&#8221;flaticon-repairing4&#8243; title=&#8221;Vehicle&#8221; title_strong=&#8221;REPAIRING&#8221;]We also have our professional partner for minor repairs[\/section_service][\/section_services][vc_text_separator title=&#8221;GALLERY&#8221;][section_imagescarousel images=&#8221;18659,18660,18657,18654,18655,18658,18664,18662,18670,18669,18668,18667,18666,18665,18663,18661&#8243; img_size=&#8221;280&#215;177&#8243; autoplay=&#8221;0&#8243;][vc_column_text]<iframe src=\"https:\/\/virtualby.getvizuel.de\/show\/?m=5NM2FGXUZ84&#038;mpu=870\" width=\"100%\" height=\"480\" frameborder=\"0\" allowfullscreen=\"allowfullscreen\"><\/iframe>[\/vc_column_text][\/vc_column][\/vc_row][vc_row ppadding=&#8221;vc_row-padding-both&#8221; ptextcolor=&#8221;Black&#8221;][vc_column][block_title title=&#8221;LATEST OFFERS&#8221; titlepos=&#8221;text-left&#8221; title_color=&#8221;#222222&#8243;][\/block_title][section_autos slide_type=&#8221;idate&#8221; count=&#8221;15&#8243; models=&#8221;405,626,631,632,403,627,630,633,397,628,629,634,399,401,407,409,411,413,414&#8243; carousel=&#8221;1&#8243;][\/section_autos][\/vc_column][\/vc_row][vc_row full_width=&#8221;stretch_row&#8221; parallax=&#8221;content-moving&#8221; parallax_image=&#8221;18552&#8243; ppadding=&#8221;vc_row-padding-both&#8221; ptextcolor=&#8221;White&#8221; css=&#8221;.vc_custom_1570283901783{background-color: rgba(10,10,10,0.75) !important;*background-color: rgb(10,10,10) !important;}&#8221; kswr_row_top_decor_enabled=&#8221;false&#8221; kswr_row_bottom_decor_enabled=&#8221;false&#8221;][vc_column][block_title title=&#8221;REAL FACTS&#8221;]WE HAVE SOME SUPERB FACTS HERE[\/block_title][section_amounts][section_amount title=&#8221;COUNTRIES REACHED&#8221; amount=&#8221;50&#8243; type=&#8221;pixcustom2&#8243; icon_pixcustom2=&#8221;theme-fonts-WorldGlobe&#8221;][section_amount title=&#8221;SATISFIED COSTUMERS&#8221; amount=&#8221;3000&#8243; type=&#8221;pixelegant&#8221; icon_pixelegant=&#8221;icon_like_alt&#8221;][section_amount title=&#8221;VEHICLES SOLD&#8221; amount=&#8221;8000&#8243; icon_pixflaticon=&#8221;flaticon-transport391&#8243;][\/section_amounts][\/vc_column][\/vc_row][vc_row css=&#8221;.vc_custom_1536677884204{padding-top: 30px !important;padding-bottom: 100px !important;background-position: 0 0 !important;background-repeat: no-repeat !important;}&#8221; kswr_row_top_decor_enabled=&#8221;false&#8221; kswr_row_bottom_decor_enabled=&#8221;false&#8221;][vc_column][block_title title=&#8221;About us&#8221; titlepos=&#8221;text-left&#8221; title_color=&#8221;#222222&#8243;][\/block_title][vc_row_inner][vc_column_inner width=&#8221;5\/12&#8243;][vc_column_text]We would like to introduce ourselves to you, the company KWB Autohandel.<\/p>\n<p>KWB Autohandel was founded in 2009, based in Sch\u00f6naich in the beautiful district of B\u00f6blingen. In the meantime, KWB has expanded its location and is also represented internationally in France as well as in Poland.<\/p>\n<p>Since that moment, we are constantly expanding and expanding our business. We have become one of the safest vehicle dealerships since we have been reputed for years<br \/>\nManufacturers and leasing companies work together.<\/p>\n<p>Our team is international so we can address customers from different countries and be represented internationally.<\/p>\n<p>Our goal is to sell to the customer what he is looking for, wants and imagines.[\/vc_column_text][\/vc_column_inner][vc_column_inner width=&#8221;7\/12&#8243;]<div data-align=\"center\" class=\"kswr-layeredimages-container  \"><div class=\"kswr-layeredimages-single kswr-animationblock\"  data-reanimation=\"false\" data-animation=\"fadeInUp\"  style=\"animation-duration: 1s; -webkit-animation-duration: 1s; animation-delay:0.3s; -webkit-animation-delay:0.3s;\"><div class=\"blockanimecont \" data-parallax-sensitive=\"1\" data-parallax-move=\"disabled\"><img src=\"https:\/\/kwb-autohandel.de\/wp-content\/uploads\/2019\/10\/DSC_0055.jpg\" alt=\"blockanimecont\"><\/div><\/div><div class=\"kswr-layeredimages-single kswr-animationblock\"  data-reanimation=\"false\" data-animation=\"fadeInDown\"  style=\"animation-duration: 1s; -webkit-animation-duration: 1s; animation-delay:0.3s; -webkit-animation-delay:0.3s;\"><div class=\"blockanimecont \" data-parallax-sensitive=\"1\" data-parallax-move=\"disabled\"><img src=\"https:\/\/kwb-autohandel.de\/wp-content\/uploads\/2019\/09\/lay2-2.png\" alt=\"blockanimecont\"><\/div><\/div><\/div>[vc_separator css=&#8221;.vc_custom_1643201174958{padding-top: 10px !important;padding-bottom: 10px !important;}&#8221;][vc_btn title=&#8221;Our team&#8221; color=&#8221;black&#8221; size=&#8221;lg&#8221; link=&#8221;url:https%3A%2F%2Fkwb-autohandel.de%2Fen%2Fteam%2F|title:Our%20Team||&#8221;][\/vc_column_inner][\/vc_row_inner][\/vc_column][\/vc_row][vc_row full_width=&#8221;stretch_row&#8221; parallax=&#8221;content-moving&#8221; ppadding=&#8221;vc_row-padding-both&#8221; ptextcolor=&#8221;White&#8221; pdecor=&#8221;both&#8221; pdecor_color=&#8221;colorize&#8221; css=&#8221;.vc_custom_1569868848842{background-color: rgba(0,0,0,0.75) !important;*background-color: rgb(0,0,0) !important;}&#8221; kswr_row_top_decor_enabled=&#8221;false&#8221; kswr_row_bottom_decor_enabled=&#8221;false&#8221;][vc_column][block_title title=&#8221;TYPES OF VEHICLES&#8221;]THAT WE ARE CURRENTLY DEALING[\/block_title][section_autos_cat cats=&#8221;kombi,suv-gelaendewagen-pickup,van-kleinbus,limousine,kleinwagen&#8221;][\/vc_column][\/vc_row][vc_row full_width=&#8221;stretch_row&#8221; ppadding=&#8221;vc_row-padding-both&#8221; css=&#8221;.vc_custom_1536678134112{background-color: #f5f5f5 !important;}&#8221; kswr_row_top_decor_enabled=&#8221;false&#8221; kswr_row_bottom_decor_enabled=&#8221;false&#8221;][vc_column][block_posts title=&#8221;LATEST NEWS&#8221; cats=&#8221;1,16,17,18&#8243; btn_text=&#8221;READ ALL NEWS&#8221; link=&#8221;url:https%3A%2F%2Fkwb-autohandel.de%2Fcategory%2Funcategorized%2F|||rel:nofollow&#8221; skin=&#8221;pix-lastnews-dark&#8221;]READ OUR LATEST BLOG NEWS[\/block_posts][\/vc_column][\/vc_row][vc_row full_width=&#8221;stretch_row&#8221; parallax=&#8221;content-moving&#8221; parallax_image=&#8221;17271&#8243; ppadding=&#8221;vc_row-padding-both&#8221; ptextcolor=&#8221;White&#8221; pdecor=&#8221;bottom&#8221; css=&#8221;.vc_custom_1568887804432{background-color: rgba(0,0,0,0.75) !important;*background-color: rgb(0,0,0) !important;}&#8221; kswr_row_top_decor_enabled=&#8221;false&#8221; kswr_row_bottom_decor_enabled=&#8221;false&#8221;][vc_column][block_title title=&#8221;LATEST GALLERIES&#8221;]CHECKOUT THE AWESOME IMAGES &#038; VIDEOS[\/block_title][section_imagescarousel images=&#8221;18609,18600,18605,18615,18612&#8243; img_size=&#8221;280&#215;177&#8243; autoplay=&#8221;&#8221;]<div class=\"kswr-button-container kswr-shortcode-element kswr-theelement\" style=\"text-align:left;margin-top:0px;margin-bottom:0px;\" data-icon-position=\"left\" data-button-style=\"qaswara\" data-layout=\"noicon\" data-hover-action=\"none\">\n\t\t\t\t<div class=\"kswr-button-insider\" style=\"width:250px; --btn-height:50px;  height:50px; border-radius:0px; padding-left:0px;padding-right:0px; line-height:50px;\" >\t\t\t\t\n\t\t\t\t\t<div class=\"kswr-button-txt kswr-button-txt-r kswr-shortcode-element\" data-fontsettings=\"font-size:15px;\" style=\"color:#fff;background-clip: inherit;background-color: inherit; -webkit-text-fill-color:#fff;font-size:15px; \"><span style=\"\">All images<\/span><div class=\"kswr-button-icon kswr-button-icon-r\" style=\"font-size: 26px; \"><i style=\"color:#fff;background-clip: inherit;background-color: inherit; -webkit-text-fill-color:#fff;\" class=\"\"><\/i><\/div><\/div>\n\t\t\t\t\t<div class=\"kswr-button-txt kswr-button-txt-h kswr-shortcode-element\" data-fontsettings=\"font-size:15px;\" style=\"color:#fff;background-clip: inherit;background-color: inherit; -webkit-text-fill-color:#fff;font-size:15px; \"><span style=\"\">All images<\/span> <div class=\"kswr-button-icon kswr-button-icon-h\" style=\"font-size: 26px; \"><i style=\"color:#fff;background-clip: inherit;background-color: inherit; -webkit-text-fill-color:#fff;\" class=\"\"><\/i><\/div><\/div>\n\t\t\t\t\t<div class=\"kswr-button-bg kswr-button-bg-r  \" style=\"background:#111;border:0px none transparent;border-width:0px;\"><\/div>\n\t\t\t\t\t<div class=\"kswr-button-bg kswr-button-bg-h  \" style=\"background:#bd9302;border:0px none transparent;border-width:0px;\"><\/div>\t\n\t\t\t\t\t<a href=\"https:\/\/kwb-autohandel.de\/galerie\/\" target=\"\" ><\/a>\t\t\t\n\t\t\t\t<\/div>\t\t\t\n\t\t\t<\/div>[\/vc_column][\/vc_row][vc_row full_width=&#8221;stretch_row&#8221; parallax=&#8221;content-moving&#8221; ppadding=&#8221;vc_row-padding-both&#8221; ptextcolor=&#8221;White&#8221; pdecor=&#8221;top&#8221; kswr_row_bg_type=&#8221;parallax&#8221; css=&#8221;.vc_custom_1570178554998{background-color: #dd9933 !important;}&#8221; kswr_row_top_decor_enabled=&#8221;false&#8221; kswr_row_bottom_decor_enabled=&#8221;false&#8221; kswr_row_bg_image_img=&#8221;18501&#8243; kswr_row_bg_image=&#8221;{&#8220;image&#8220;:&#8220;&#8220;,&#8220;repeat&#8220;:&#8220;no-repeat&#8220;,&#8220;position&#8220;:&#8220;left top&#8220;,&#8220;size&#8220;:&#8220;cover&#8220;,&#8220;overlay&#8220;:&#8220;#bd9302&#8220;,&#8220;overlayopacity&#8220;:&#8220;0.7&#8220;}&#8221;][vc_column][block_title title=&#8221;WHAT CUSTOMERS SAY&#8221;][\/block_title][section_reviews reviews_per_page=&#8221;3&#8243; disable_carousel=&#8221;1&#8243;][section_review title=&#8221;Seri\u00f6ser Autohandel!&#8221; name=&#8221;Marcelo Ciolac&#8221; position=&#8221;KUNDE&#8221; image=&#8221;18619&#8243;]der verk\u00e4ufer hielt seine worte, wir sind sehr zufrieden mit unserem kauf. Ich empfehle jedem, sein Auto zu kaufen, wird es nicht bereuen<\/p>\n<p>[\/section_review][section_review title=&#8221;EMPFEHLUNGEN!&#8221; image=&#8221;18619&#8243; name=&#8221;Michael Sp\u00e4th&#8221; position=&#8221;Kunde&#8221;]Sehr ehrlicher und kompetenter Berater der sogar auf Individuelle W\u00fcnsche eingeht.Top Angebote und guter Kontakt zur Renault Vertragswerkstatt.Absolut empfehlenswerter H\u00e4ndler der seine Kunden gl\u00fccklich macht.[\/section_review][section_review title=&#8221;Super!&#8221; image=&#8221;18619&#8243; name=&#8221;Roman Akantis&#8221; position=&#8221;KUNDE&#8221;]Mir gefiel die ausf\u00fchrliche Erkl\u00e4rung der Herkunft und des technischen Zustands des Fahrzeugs. Die freundliche Haltung des Verk\u00e4ufers hat mir gefallen.[\/section_review][\/section_reviews][\/vc_column][\/vc_row][vc_row full_width=&#8221;stretch_row&#8221; ppadding=&#8221;vc_row-padding-bottom&#8221; css=&#8221;.vc_custom_1536678281700{margin-bottom: -25px !important;padding-top: 20px !important;background-color: #f5f5f5 !important;}&#8221; kswr_row_top_decor_enabled=&#8221;false&#8221; kswr_row_bottom_decor_enabled=&#8221;false&#8221;][vc_column][block_title title=&#8221;CONTACT&#8221;][\/block_title][vc_column_text]<div class=\"center-content\"><div class=\"decor-2\"><i class=\"icon fa fa-caret-down\"><\/i><\/div><\/div>\n            <div class=\"center-content\"><h2 class=\"ui-title-inner\">FEEL FREE TO SEND US AN MESSAGE<br \/>\nOR ASK FOR A FREE OFFER<\/h2><\/div>\n            <div class=\"center-content\"><div class=\"decor-1\"><\/div><\/div>[\/vc_column_text]<div class=\"kameleon-cf7-container kameleon-cf7-containerwGynJEmX\" data-classname=\".kameleon-cf7-containerwGynJEmX\" data-style-name=\"default\"  data-style=\"qaswara\" data-button-style=\"qaswara\" data-style-css=\"--kmcf7-btn-fontsize: 16px;--kmcf7-btn-align: center;--kmcf7-btn-width: 50%;--kmcf7-btn-letterspacing: 1px;--kmcf7-btn-height: 45px;--kmcf7-btn-mgtop: 15px;--kmcf7-btn-mgbottom: 15px;--kmcf7-btn-border-radius: 0;--kmcf7-btn-color: #ccc;--kmcf7-btn-border-width: 0;--kmcf7-btn-bg-color: #111;--kmcf7-btn-border-color: #1a1a1a;--kmcf7-btn-color-hover: #fff;--kmcf7-btn-bg-color-hover: #269AD6;--kmcf7-btn-border-color-hover: #2492CA;--qaswara-input-height:50px;--qaswara-input-margin-top:15px;--qaswara-input-margin-bottom:15px;--qaswara-input-font-size:15px;  --qaswara-input-color: #888;    --qaswara-color: #bbb;     --qaswara-font-size:15px;--qaswara-border-width: 1px;  --qaswara-border-color:#eee;--qaswara-border-active-color:#269AD6;--qaswara-textarea-height:250px;;\" style=\"--kmcf7-btn-fontsize: 16px;--kmcf7-btn-align: center;--kmcf7-btn-width: 50%;--kmcf7-btn-letterspacing: 1px;--kmcf7-btn-height: 45px;--kmcf7-btn-mgtop: 15px;--kmcf7-btn-mgbottom: 15px;--kmcf7-btn-border-radius: 0;--kmcf7-btn-color: #ccc;--kmcf7-btn-border-width: 0;--kmcf7-btn-bg-color: #111;--kmcf7-btn-border-color: #1a1a1a;--kmcf7-btn-color-hover: #fff;--kmcf7-btn-bg-color-hover: #269AD6;--kmcf7-btn-border-color-hover: #2492CA;--qaswara-input-height:50px;--qaswara-input-margin-top:15px;--qaswara-input-margin-bottom:15px;--qaswara-input-font-size:15px;  --qaswara-input-color: #888;    --qaswara-color: #bbb;     --qaswara-font-size:15px;--qaswara-border-width: 1px;  --qaswara-border-color:#eee;--qaswara-border-active-color:#269AD6;--qaswara-textarea-height:250px;;\"><div role=\"form\" class=\"wpcf7\" id=\"wpcf7-f7823-o1\" lang=\"en-US\" dir=\"ltr\">\n<div class=\"screen-reader-response\"><p role=\"status\" aria-live=\"polite\" aria-atomic=\"true\"><\/p> <ul><\/ul><\/div>\n<form action=\"\/en\/wp-json\/wp\/v2\/pages\/7163#wpcf7-f7823-o1\" method=\"post\" class=\"wpcf7-form init\" novalidate=\"novalidate\" data-status=\"init\">\n<div style=\"display: none;\">\n<input type=\"hidden\" name=\"_wpcf7\" value=\"7823\" \/>\n<input type=\"hidden\" name=\"_wpcf7_version\" value=\"5.4.2\" \/>\n<input type=\"hidden\" name=\"_wpcf7_locale\" value=\"en_US\" \/>\n<input type=\"hidden\" name=\"_wpcf7_unit_tag\" value=\"wpcf7-f7823-o1\" \/>\n<input type=\"hidden\" name=\"_wpcf7_container_post\" value=\"0\" \/>\n<input type=\"hidden\" name=\"_wpcf7_posted_data_hash\" value=\"\" \/>\n<input type=\"hidden\" name=\"lang\" value=\"en\" \/>\n<input type=\"hidden\" name=\"_wpcf7_recaptcha_response\" value=\"\" \/>\n<\/div>\n<div class=\"form-contact\">\n<div class=\"row\">\n<div class=\"col-sm-6\"> <span class=\"wpcf7-form-control-wrap your-name km_cf7-input-container \">     \n      <input type=\"text\" name=\"your-name\" value=\"\" size=\"40\" class=\"wpcf7-form-control wpcf7-text wpcf7-validates-as-required km_cf7-input\" id=\"kmcf7-your-name5wkRYpDm\" aria-required=\"true\" aria-invalid=\"false\" onfocus=\"km_cf7_designer_focus(this)\" onblur=\"km_cf7_designer_blur()\"\/>\n      <label class=\"km_cf7-label\" for=\"kmcf7-your-name5wkRYpDm\" data-content=\"Name\">\n        <span class=\"km_cf7_label-content\" data-content=\"Name\">Name<\/span>\n      <\/label>\n      \n    <\/span> <\/div>\n<div class=\"col-sm-6\"> <span class=\"wpcf7-form-control-wrap surname km_cf7-input-container \">     \n      <input type=\"text\" name=\"surname\" value=\"\" size=\"40\" class=\"wpcf7-form-control wpcf7-text wpcf7-validates-as-required km_cf7-input\" id=\"kmcf7-surnameyOmRIgNw\" aria-required=\"true\" aria-invalid=\"false\" onfocus=\"km_cf7_designer_focus(this)\" onblur=\"km_cf7_designer_blur()\"\/>\n      <label class=\"km_cf7-label\" for=\"kmcf7-surnameyOmRIgNw\" data-content=\"Surname\">\n        <span class=\"km_cf7_label-content\" data-content=\"Surname\">Surname<\/span>\n      <\/label>\n      \n    <\/span> <\/div>\n<\/div>\n<div class=\"row\">\n<div class=\"col-sm-6\"> <span class=\"wpcf7-form-control-wrap email km_cf7-input-container \">     \n      <input type=\"email\" name=\"email\" value=\"\" size=\"40\" class=\"wpcf7-form-control wpcf7-text wpcf7-email wpcf7-validates-as-required wpcf7-validates-as-email km_cf7-input\" id=\"kmcf7-emailYNUAotvW\" aria-required=\"true\" aria-invalid=\"false\" onfocus=\"km_cf7_designer_focus(this)\" onblur=\"km_cf7_designer_blur()\"\/>\n      <label class=\"km_cf7-label\" for=\"kmcf7-emailYNUAotvW\" data-content=\"E-mail\">\n        <span class=\"km_cf7_label-content\" data-content=\"E-mail\">E-mail<\/span>\n      <\/label>\n      \n    <\/span> <\/div>\n<div class=\"col-sm-6\"> <span class=\"wpcf7-form-control-wrap phone km_cf7-input-container \">     \n      <input type=\"text\" name=\"phone\" value=\"\" size=\"40\" class=\"wpcf7-form-control wpcf7-text km_cf7-input\" id=\"kmcf7-phonec21wWCV5\" aria-invalid=\"false\" onfocus=\"km_cf7_designer_focus(this)\" onblur=\"km_cf7_designer_blur()\"\/>\n      <label class=\"km_cf7-label\" for=\"kmcf7-phonec21wWCV5\" data-content=\"Phone\">\n        <span class=\"km_cf7_label-content\" data-content=\"Phone\">Phone<\/span>\n      <\/label>\n      \n    <\/span> <\/div>\n<\/div>\n<div class=\"row\">\n<div class=\"col-xs-12\"><span class=\"wpcf7-form-control-wrap km_cf7-input-container message km_cf7-textarea-container\">\n      <textarea name=\"message\" cols=\"40\" rows=\"10\" class=\"wpcf7-form-control wpcf7-textarea km_cf7-input km_cf7-textarea\" id=\"kmcf7-message64dDJPtw\" aria-invalid=\"false\" onfocus=\"km_cf7_designer_focus(this)\" onblur=\"km_cf7_designer_blur()\"><\/textarea>\n      <label class=\"km_cf7-label\" for=\"kmcf7-message64dDJPtw\" data-content=\"message\">\n        <span class=\"km_cf7_label-content\" data-content=\"message\">message<\/span>\n      <\/label>\n      \n    <\/span>\n<div class=\"btn text-center\">\n      <div class=\"km_cf7-submit-container\">\n        <div class=\"km_cf7-submit-insider\">\n          <div class=\"km_cf7-submit-btn-txt km_cf7-btn-txt-r\">SEND<\/div>\n          <div class=\"km_cf7-submit-btn-txt km_cf7-btn-txt-h\">SEND<\/div>\n          <div class=\"km_cf7-btn-bg-r\"><\/div><div class=\"km_cf7-btn-bg-h\"><\/div>\n          <input type=\"submit\" value=\"SEND\" class=\"wpcf7-form-control wpcf7-submit km_cf7-button\" \/>\n        <\/div>\n      <\/div>\n      <\/div>\n<\/div>\n<\/div>\n<\/div>\n<input type='hidden' class='wpcf7-pum' value='{\"closepopup\":false,\"closedelay\":0,\"openpopup\":false,\"openpopup_id\":0}' \/><div class=\"wpcf7-response-output\" aria-hidden=\"true\"><\/div><\/form><\/div><\/div>[\/vc_column][\/vc_row]<\/p>\n","protected":false},"excerpt":{"rendered":"<p>[vc_row full_width=&#8221;stretch_row_content_no_spaces&#8221; pdecor=&#8221;main-slider&#8221; pdecor_col_main=&#8221;#f5f5f5&#8243; kswr_row_top_decor_enabled=&#8221;false&#8221; kswr_row_bottom_decor_enabled=&#8221;false&#8221; css=&#8221;.vc_custom_1536442261127{background-color: #f5f5f5 !important;}&#8221;][vc_column][rev_slider_vc alias=&#8221;home_slider&#8221;][\/vc_column][\/vc_row][vc_row full_width=&#8221;stretch_row&#8221; parallax=&#8221;content-moving&#8221; ppadding=&#8221;vc_row-padding-bottom&#8221; css=&#8221;.vc_custom_1532607876636{background-color: #f5f5f5 !important;}&#8221;][vc_column][vc_row_inner][vc_column_inner][section_banner title=&#8221;KWB AUTOHANDEL&#8221; use_decor=&#8221;true&#8221; image1=&#8221;23&#8243; img_text1=&#8221;all brands&#8221; link1=&#8221;|||&#8221; image2=&#8221;24&#8243; img_text2=&#8221;FREE SUPPORT&#8221; link2=&#8221;|||&#8221; image3=&#8221;25&#8243; img_text3=&#8221;DEALERSHIP&#8221; link3=&#8221;|||&#8221; image4=&#8221;26&#8243; img_text4=&#8221;AFFORDABLE&#8221; link4=&#8221;|||&#8221;]THE ONLINE AUTOS WORLD[\/section_banner][\/vc_column_inner][\/vc_row_inner][vc_row_inner el_class=&#8221;zindex-fix&#8221;][vc_column_inner][vehicle_search vehicle_body_title=&#8221;&#8221; vehicle_makers=&#8221;true&#8221; vehicle_model=&#8221;true&#8221; fuel_type=&#8221;true&#8221; condition=&#8221;true&#8221;][\/vc_column_inner][\/vc_row_inner][vc_row_inner][vc_column_inner][\/vc_column_inner][\/vc_row_inner][vc_row_inner][vc_column_inner][section_autos_cat_models cats=&#8221;mercedes-benz,lexus,land-rover,toyota,citroen,renault,vw&#8221;][\/vc_column_inner][\/vc_row_inner][\/vc_column][\/vc_row][vc_row full_width=&#8221;stretch_row&#8221; ppadding=&#8221;vc_row-padding-both&#8221; ptextcolor=&#8221;White&#8221; pdecor=&#8221;both&#8221; kswr_row_bg_type=&#8221;parallax&#8221; css=&#8221;.vc_custom_1570283738628{background-color: #dd9933 !important;background-position: center !important;background-repeat: no-repeat !important;background-size: [&hellip;]<\/p>\n","protected":false},"author":1,"featured_media":0,"parent":0,"menu_order":0,"comment_status":"closed","ping_status":"open","template":"page-home.php","meta":[],"_links":{"self":[{"href":"https:\/\/kwb-autohandel.de\/en\/wp-json\/wp\/v2\/pages\/7163"}],"collection":[{"href":"https:\/\/kwb-autohandel.de\/en\/wp-json\/wp\/v2\/pages"}],"about":[{"href":"https:\/\/kwb-autohandel.de\/en\/wp-json\/wp\/v2\/types\/page"}],"author":[{"embeddable":true,"href":"https:\/\/kwb-autohandel.de\/en\/wp-json\/wp\/v2\/users\/1"}],"replies":[{"embeddable":true,"href":"https:\/\/kwb-autohandel.de\/en\/wp-json\/wp\/v2\/comments?post=7163"}],"version-history":[{"count":269,"href":"https:\/\/kwb-autohandel.de\/en\/wp-json\/wp\/v2\/pages\/7163\/revisions"}],"predecessor-version":[{"id":304173,"href":"https:\/\/kwb-autohandel.de\/en\/wp-json\/wp\/v2\/pages\/7163\/revisions\/304173"}],"wp:attachment":[{"href":"https:\/\/kwb-autohandel.de\/en\/wp-json\/wp\/v2\/media?parent=7163"}],"curies":[{"name":"wp","href":"https:\/\/api.w.org\/{rel}","templated":true}]}}